{"id":16994,"date":"2019-02-07T13:10:15","date_gmt":"2019-02-07T12:10:15","guid":{"rendered":"https:\/\/www.projekt-i-quadrat.de\/?page_id=16994"},"modified":"2021-03-24T09:27:15","modified_gmt":"2021-03-24T08:27:15","slug":"gefaehrdung-durch-oberflaechenwasser","status":"publish","type":"page","link":"https:\/\/www.projekt-i-quadrat.de\/index.php\/gefaehrdung\/gefaehrdung-durch-oberflaechenwasser\/","title":{"rendered":"Oberfl\u00e4chenwasser &#8211; Gef\u00e4hrdung"},"content":{"rendered":"<p><div class=\"fusion-fullwidth fullwidth-box fusion-builder-row-1 nonhundred-percent-fullwidth non-hundred-percent-height-scrolling\" style=\"background-color: #ffffff;background-position: center center;background-repeat: no-repeat;padding-top:0px;padding-right:0px;padding-bottom:0px;padding-left:0px;margin-bottom: 0px;margin-top: 0px;border-width: 0px 0px 0px 0px;border-color:#eae9e9;border-style:solid;\" ><div class=\"fusion-builder-row fusion-row\"><div class=\"fusion-layout-column fusion_builder_column fusion-builder-column-0 fusion_builder_column_1_2 1_2 fusion-one-half fusion-column-first\" style=\"width:50%;width:calc(50% - ( ( 4% ) * 0.5 ) );margin-right: 4%;margin-top:0px;margin-bottom:20px;\"><div class=\"fusion-column-wrapper fusion-flex-column-wrapper-legacy\" style=\"background-position:left top;background-repeat:no-repeat;-webkit-background-size:cover;-moz-background-size:cover;-o-background-size:cover;background-size:cover;border-width: 2px 2px 2px 2px;border-color:#ba1a1a;border-style:solid;padding: 10px 20px 10px 20px;\"><div class=\"fusion-text fusion-text-1\"><h2><span style=\"color: #ba1a1a;\">Ist mein Geb\u00e4ude durch eindringendes Oberfl\u00e4chenwasser gef\u00e4hrdet?<\/span><\/h2>\n<ul>\n<li>Liegt Ihr Grundst\u00fcck\/Geb\u00e4ude in einer Gel\u00e4ndesenke oder unterhalb einer absch\u00fcssigen Stra\u00dfe beziehungsweise eines Hanges?<\/li>\n<li>Liegt das Grundst\u00fcck in der N\u00e4he eines Gew\u00e4ssers \u2013 beispielsweise eines Baches oder Teiches \u2013 und kann dieses bei Hochwasser bis ans Geb\u00e4ude gelangen?<\/li>\n<li>Haben Gehwege, Hofzufahrten und Stellpl\u00e4tze ein Gef\u00e4lle zum Haus?<\/li>\n<li>Kann an der Oberfl\u00e4che abflie\u00dfendes Regenwasser von der Stra\u00dfe oder von Nachbargrundst\u00fccken bis an Ihr Geb\u00e4ude gelangen?<\/li>\n<li>Liegen die \u00e4u\u00dferen Kellerabg\u00e4nge, ebenerdige Lichtsch\u00e4chte oder Kellerfenster so tief, dass hier m\u00f6glicherweise Wasser eindringt?<\/li>\n<li>Verf\u00fcgt Ihr Geb\u00e4ude \u00fcber einen ebenerdigen Eingang oder eine Terrasse, durch die Regenwasser oberfl\u00e4chig ins Erdgeschoss kommen kann?<\/li>\n<li>Ist es m\u00f6glich, dass Regenwasser von der Stra\u00dfe oder vom Grundst\u00fcck in Ihre Tiefgarage flie\u00dft?<\/li>\n<li>Sind vorherige Schadensereignisse bei Starkregen vor Ort bekannt?<\/li>\n<\/ul>\n<p><span style=\"font-size: 13px; line-height: 1.2;\">Quelle: Stadtentw\u00e4sserungsbetriebe (StEB) K\u00f6ln 2016: Wassersensibel planen und bauen in K\u00f6ln, Leitfaden zur Starkregenvorsorge f\u00fcr Hauseigent\u00fcmer, Bauwillige und Architekten<\/span><\/p>\n<p><span style=\"color: #ba1a1a;\">\/\/\/ Mit jedem \u201eJa\u201c bei der Beantwortung der Fragen erh\u00f6ht sich f\u00fcr Sie die Notwendigkeit, Vorkehrungen zu treffen.<\/span><\/p>\n<\/div><div class=\"fusion-clearfix\"><\/div><\/div><\/div><div class=\"fusion-layout-column fusion_builder_column fusion-builder-column-1 fusion_builder_column_1_2 1_2 fusion-one-half fusion-column-last\" style=\"width:50%;width:calc(50% - ( ( 4% ) * 0.5 ) );margin-top:0px;margin-bottom:20px;\"><div class=\"fusion-column-wrapper fusion-flex-column-wrapper-legacy\" style=\"background-position:left top;background-repeat:no-repeat;-webkit-background-size:cover;-moz-background-size:cover;-o-background-size:cover;background-size:cover;padding: 0px 0px 0px 0px;\"><div class=\"fusion-text fusion-text-2\"><p>Wasser kann regelrecht mit der T\u00fcr ins Haus fallen, denn es dringt durch Kellereing\u00e4nge, aber auch durch tiefliegende Garageneinfahrten, Fenster, Treppen, Lichtsch\u00e4chte und Wanddurchbr\u00fcche f\u00fcr Leitungen ein. Doch auch von oben verschafft es sich Zutritt \u2013 etwa \u00fcber Sch\u00e4den am Dach oder eine verstopfte Regenrinne. In einem solchen Fall kann das mitunter kostspielige Konsequenzen haben: Souterrainwohnungen und Kellerr\u00e4ume k\u00f6nnen durch \u00dcberflutung und Feuchte unbewohnbar beziehungsweise unbenutzbar werden. Auch zerst\u00f6rt das unliebsame Nass pers\u00f6nliche Gegenst\u00e4nde und sch\u00e4digt nicht selten die Geb\u00e4udesubstanz nachhaltig durch Schimmelpilzbildung.<\/p>\n<p><span style=\"color: #1a80b6;\">\/\/\/ Pr\u00fcfen Sie, ob Ihr bestehendes oder geplantes Haus durch oberirdisch eindringendes Wasser gef\u00e4hrdet ist. Folgende Checkliste hilft Ihnen dabei, die Gef\u00e4hrdung zu ermitteln. Au\u00dferdem erhalten Sie Tipps, wie sich Geb\u00e4udeschwachstellen beheben und Standortnachteile Ihrer Immobilie oder Ihres Grundst\u00fcckes ausgleichen lassen.<\/span><\/p>\n<\/div><span class=\" fusion-imageframe imageframe-none imageframe-1 hover-type-none\"><img decoding=\"async\" width=\"1068\" height=\"1091\" alt=\"Grafik: Senkenkarte Altstadt L\u00fcbeck\" title=\"S.12_StadtLuebeck\" src=\"https:\/\/www.projekt-i-quadrat.de\/wp-content\/uploads\/2018\/12\/S.12_StadtLuebeck.jpg\" class=\"img-responsive wp-image-16498\" srcset=\"https:\/\/www.projekt-i-quadrat.de\/wp-content\/uploads\/2018\/12\/S.12_StadtLuebeck-200x204.jpg 200w, https:\/\/www.projekt-i-quadrat.de\/wp-content\/uploads\/2018\/12\/S.12_StadtLuebeck-400x409.jpg 400w, https:\/\/www.projekt-i-quadrat.de\/wp-content\/uploads\/2018\/12\/S.12_StadtLuebeck-600x613.jpg 600w, https:\/\/www.projekt-i-quadrat.de\/wp-content\/uploads\/2018\/12\/S.12_StadtLuebeck-800x817.jpg 800w, https:\/\/www.projekt-i-quadrat.de\/wp-content\/uploads\/2018\/12\/S.12_StadtLuebeck.jpg 1068w\" sizes=\"(max-width: 800px) 100vw, 600px\" \/><\/span><div class=\"fusion-text fusion-text-3\"><p>Im Projekt RainAhead wurden Senken, die die bei Starkregenereignissen \u00fcberflutungsgef\u00e4hrdet sind, f\u00fcr das Stadtgebiet ermittelt.<\/p>\n<\/div><div class=\"fusion-clearfix\"><\/div><\/div><\/div><div class=\"fusion-layout-column fusion_builder_column fusion-builder-column-2 fusion_builder_column_1_2 1_2 fusion-one-half fusion-column-first\" style=\"width:50%;width:calc(50% - ( ( 4% ) * 0.5 ) );margin-right: 4%;margin-top:0px;margin-bottom:20px;\"><div class=\"fusion-column-wrapper fusion-flex-column-wrapper-legacy\" style=\"background-position:left top;background-repeat:no-repeat;-webkit-background-size:cover;-moz-background-size:cover;-o-background-size:cover;background-size:cover;border-width: 1px 1px 1px 1px;border-color:#1a80b6;border-style:solid;padding: 10px 20px 10px 20px;\"><div class=\"fusion-text fusion-text-4\"><p>Wie Sie gegen die Auswirkungen von eindringendem Oberfl\u00e4chenwasser Abhilfe schaffen k\u00f6nnen, erfahren Sie hier:<\/p>\n<\/div><div class=\"fusion-button-wrapper\"><style type=\"text\/css\">.fusion-button.button-1 {border-radius:2px;}<\/style><a class=\"fusion-button button-flat fusion-button-default-size button-default button-1 fusion-button-default-span fusion-button-default-type\" target=\"_self\" href=\"https:\/\/www.projekt-i-quadrat.de\/index.php\/themen\/abhilfe\/oberflaechenwasser-abhilfe\/\"><i class=\"fa-angle-double-right fas button-icon-left\" aria-hidden=\"true\"><\/i><span class=\"fusion-button-text\">Abhilfe<\/span><\/a><\/div><div class=\"fusion-clearfix\"><\/div><\/div><\/div><div class=\"fusion-layout-column fusion_builder_column fusion-builder-column-3 fusion_builder_column_1_2 1_2 fusion-one-half fusion-column-last\" style=\"width:50%;width:calc(50% - ( ( 4% ) * 0.5 ) );margin-top:0px;margin-bottom:20px;\"><div class=\"fusion-column-wrapper fusion-flex-column-wrapper-legacy\" style=\"background-position:left top;background-repeat:no-repeat;-webkit-background-size:cover;-moz-background-size:cover;-o-background-size:cover;background-size:cover;padding: 0px 0px 0px 0px;\"><div class=\"fusion-clearfix\"><\/div><\/div><\/div><\/div><\/div><div class=\"fusion-fullwidth fullwidth-box fusion-builder-row-2 nonhundred-percent-fullwidth non-hundred-percent-height-scrolling\" style=\"background-color: #ffffff;background-position: center center;background-repeat: no-repeat;padding-top:0px;padding-right:0px;padding-bottom:0px;padding-left:0px;margin-bottom: 0px;margin-top: 0px;border-width: 0px 0px 0px 0px;border-color:#2381c1;border-style:solid;\" ><div class=\"fusion-builder-row fusion-row\"><div class=\"fusion-layout-column fusion_builder_column fusion-builder-column-4 fusion_builder_column_1_1 1_1 fusion-one-full fusion-column-first fusion-column-last fusion-column-no-min-height\" style=\"margin-top:0px;margin-bottom:20px;\"><div class=\"fusion-column-wrapper fusion-flex-column-wrapper-legacy\" style=\"background-position:left top;background-repeat:no-repeat;-webkit-background-size:cover;-moz-background-size:cover;-o-background-size:cover;background-size:cover;padding: 0px 0px 0px 0px;\"><div class=\"fusion-sep-clear\"><\/div><div class=\"fusion-separator fusion-full-width-sep\" style=\"margin-left: auto;margin-right: auto;margin-top:20px;margin-bottom:20px;width:100%;\"><div class=\"fusion-separator-border sep-single sep-solid\" style=\"border-color:#2381c1;border-top-width:3px;\"><\/div><\/div><div class=\"fusion-sep-clear\"><\/div><div class=\"fusion-text fusion-text-5\"><h3 style=\"text-align: center;\">Gef\u00f6rdert durch:<\/h3>\n<\/div><div class=\"imageframe-align-center\"><span class=\" fusion-imageframe imageframe-none imageframe-2 hover-type-none\"><a class=\"fusion-no-lightbox\" href=\"https:\/\/www.bmu.de\/\" target=\"_blank\" aria-label=\"logo_bmu\" rel=\"noopener noreferrer\"><img decoding=\"async\" width=\"165\" height=\"98\" alt=\"Logo BMU Bundesministerieum f\u00fcr Umwelt und Naturschutz\" src=\"https:\/\/www.projekt-i-quadrat.de\/\/wp-content\/uploads\/2018\/07\/logo_bmu.jpg\" class=\"img-responsive wp-image-16265\"\/><\/a><\/span><\/div><div class=\"fusion-text fusion-text-6\"><h3 style=\"text-align: center;\">Projektpartner:<\/h3>\n<\/div><div class=\"fusion-clearfix\"><\/div><\/div><\/div><div class=\"fusion-layout-column fusion_builder_column fusion-builder-column-5 fusion_builder_column_1_3 1_3 fusion-one-third fusion-column-first\" style=\"width:33.3333333333%;width:calc(33.3333333333% - ( ( 4% + 4% ) * 0.333333333333 ) );margin-right: 4%;margin-top:0px;margin-bottom:20px;\"><div class=\"fusion-column-wrapper fusion-flex-column-wrapper-legacy\" style=\"background-position:left top;background-repeat:no-repeat;-webkit-background-size:cover;-moz-background-size:cover;-o-background-size:cover;background-size:cover;padding: 0px 0px 0px 0px;\"><div class=\"fusion-column-content-centered\"><div class=\"fusion-column-content\"><div class=\"imageframe-align-center\"><span class=\" fusion-imageframe imageframe-none imageframe-3 hover-type-none\"><a class=\"fusion-no-lightbox\" href=\"http:\/\/www.hydrometeo.de\/\" target=\"_blank\" aria-label=\"logoHM_neu_web-normal\" rel=\"noopener noreferrer\"><img decoding=\"async\" width=\"200\" height=\"90\" alt=\"Logo hydro &amp; meteo\" src=\"https:\/\/www.projekt-i-quadrat.de\/wp-content\/uploads\/2020\/01\/logoHM_neu_web-normal.png\" class=\"img-responsive wp-image-17229\"\/><\/a><\/span><\/div><\/div><\/div><div class=\"fusion-clearfix\"><\/div><\/div><\/div><div class=\"fusion-layout-column fusion_builder_column fusion-builder-column-6 fusion_builder_column_1_3 1_3 fusion-one-third\" style=\"width:33.3333333333%;width:calc(33.3333333333% - ( ( 4% + 4% ) * 0.333333333333 ) );margin-right: 4%;margin-top:0px;margin-bottom:20px;\"><div class=\"fusion-column-wrapper fusion-flex-column-wrapper-legacy\" style=\"background-position:left top;background-repeat:no-repeat;-webkit-background-size:cover;-moz-background-size:cover;-o-background-size:cover;background-size:cover;padding: 0px 0px 0px 0px;\"><div class=\"fusion-column-content-centered\"><div class=\"fusion-column-content\"><div class=\"imageframe-align-center\"><span class=\" fusion-imageframe imageframe-none imageframe-4 hover-type-none\" style=\"max-width:160px;\"><a class=\"fusion-no-lightbox\" href=\"https:\/\/www.fh-luebeck.de\/hochschule\/fachbereich-bauwesen\/labore\/labor-fuer-staedtebau-und-ortsplanung\/uebersicht\/\" target=\"_blank\" aria-label=\"TH_Logo_A4_RGB\" rel=\"noopener noreferrer\"><img decoding=\"async\" width=\"300\" height=\"106\" alt=\"Logo FHL Fachhochschule L\u00fcbeck\" src=\"https:\/\/www.projekt-i-quadrat.de\/wp-content\/uploads\/2018\/10\/TH_Logo_A4_RGB-300x106.png\" class=\"img-responsive wp-image-16382\"\/><\/a><\/span><\/div><\/div><\/div><div class=\"fusion-clearfix\"><\/div><\/div><\/div><div class=\"fusion-layout-column fusion_builder_column fusion-builder-column-7 fusion_builder_column_1_3 1_3 fusion-one-third fusion-column-last\" style=\"width:33.3333333333%;width:calc(33.3333333333% - ( ( 4% + 4% ) * 0.333333333333 ) );margin-top:0px;margin-bottom:20px;\"><div class=\"fusion-column-wrapper fusion-flex-column-wrapper-legacy\" style=\"background-position:left top;background-repeat:no-repeat;-webkit-background-size:cover;-moz-background-size:cover;-o-background-size:cover;background-size:cover;padding: 0px 0px 0px 0px;\"><div class=\"fusion-column-content-centered\"><div class=\"fusion-column-content\"><div class=\"imageframe-align-center\"><span class=\" fusion-imageframe imageframe-none imageframe-5 hover-type-none\"><a class=\"fusion-no-lightbox\" href=\"http:\/\/www.luebeck.de\/bewohner\/umwelt_gesundheit\/\" target=\"_blank\" aria-label=\"HL-NAMENSZEICHEN_skal\" rel=\"noopener noreferrer\"><img decoding=\"async\" width=\"300\" height=\"90\" alt=\"Logo Hansestadt L\u00fcbeck\" src=\"https:\/\/www.projekt-i-quadrat.de\/wp-content\/uploads\/2021\/03\/HL-NAMENSZEICHEN_skal-1-300x90.png\" class=\"img-responsive wp-image-17332\" srcset=\"https:\/\/www.projekt-i-quadrat.de\/wp-content\/uploads\/2021\/03\/HL-NAMENSZEICHEN_skal-1-200x60.png 200w, https:\/\/www.projekt-i-quadrat.de\/wp-content\/uploads\/2021\/03\/HL-NAMENSZEICHEN_skal-1-400x120.png 400w, https:\/\/www.projekt-i-quadrat.de\/wp-content\/uploads\/2021\/03\/HL-NAMENSZEICHEN_skal-1.png 600w\" sizes=\"(max-width: 800px) 100vw, 400px\" \/><\/a><\/span><\/div><\/div><\/div><div class=\"fusion-clearfix\"><\/div><\/div><\/div><div class=\"fusion-layout-column fusion_builder_column fusion-builder-column-8 fusion_builder_column_1_1 1_1 fusion-one-full fusion-column-first fusion-column-last\" style=\"margin-top:0px;margin-bottom:20px;\"><div class=\"fusion-column-wrapper fusion-flex-column-wrapper-legacy\" style=\"background-position:left top;background-repeat:no-repeat;-webkit-background-size:cover;-moz-background-size:cover;-o-background-size:cover;background-size:cover;padding: 0px 0px 0px 0px;\"><div class=\"fusion-text fusion-text-7\"><h3 style=\"text-align: center;\">Kooperationspartner:<\/h3>\n<\/div><div class=\"fusion-clearfix\"><\/div><\/div><\/div><div class=\"fusion-layout-column fusion_builder_column fusion-builder-column-9 fusion_builder_column_1_4 1_4 fusion-one-fourth fusion-column-first\" style=\"width:25%;width:calc(25% - ( ( 4% + 4% + 4% ) * 0.25 ) );margin-right: 4%;margin-top:0px;margin-bottom:20px;\"><div class=\"fusion-column-wrapper fusion-flex-column-wrapper-legacy\" style=\"background-position:left top;background-repeat:no-repeat;-webkit-background-size:cover;-moz-background-size:cover;-o-background-size:cover;background-size:cover;padding: 0px 0px 0px 0px;\"><div class=\"fusion-column-content-centered\"><div class=\"fusion-column-content\"><div class=\"imageframe-align-center\"><span class=\" fusion-imageframe imageframe-none imageframe-6 hover-type-none\"><a class=\"fusion-no-lightbox\" href=\"https:\/\/www.vermessung-holst.de \" target=\"_blank\" aria-label=\"Logo_Holst_Helten\" rel=\"noopener noreferrer\"><img decoding=\"async\" width=\"300\" height=\"49\" alt=\"Logo Vermessungsb\u00fcro Holst und Helten\" src=\"https:\/\/www.projekt-i-quadrat.de\/\/wp-content\/uploads\/2018\/07\/Logo_Holst_Helten-300x49.png\" class=\"img-responsive wp-image-16238\" srcset=\"https:\/\/www.projekt-i-quadrat.de\/wp-content\/uploads\/2018\/07\/Logo_Holst_Helten-200x33.png 200w, https:\/\/www.projekt-i-quadrat.de\/wp-content\/uploads\/2018\/07\/Logo_Holst_Helten-400x65.png 400w, https:\/\/www.projekt-i-quadrat.de\/wp-content\/uploads\/2018\/07\/Logo_Holst_Helten-600x98.png 600w, https:\/\/www.projekt-i-quadrat.de\/wp-content\/uploads\/2018\/07\/Logo_Holst_Helten.png 613w\" sizes=\"(max-width: 800px) 100vw, 400px\" \/><\/a><\/span><\/div><\/div><\/div><div class=\"fusion-clearfix\"><\/div><\/div><\/div><div class=\"fusion-layout-column fusion_builder_column fusion-builder-column-10 fusion_builder_column_1_4 1_4 fusion-one-fourth\" style=\"width:25%;width:calc(25% - ( ( 4% + 4% + 4% ) * 0.25 ) );margin-right: 4%;margin-top:0px;margin-bottom:20px;\"><div class=\"fusion-column-wrapper fusion-flex-column-wrapper-legacy\" style=\"background-position:left top;background-repeat:no-repeat;-webkit-background-size:cover;-moz-background-size:cover;-o-background-size:cover;background-size:cover;padding: 0px 0px 0px 0px;\"><div class=\"fusion-column-content-centered\"><div class=\"fusion-column-content\"><div class=\"imageframe-align-center\"><span class=\" fusion-imageframe imageframe-none imageframe-7 hover-type-none\"><a class=\"fusion-no-lightbox\" href=\"https:\/\/www.dres-donoth.de\" target=\"_blank\" aria-label=\"dft_logo\" rel=\"noopener noreferrer\"><img decoding=\"async\" width=\"251\" height=\"57\" alt=\"Logo Anwaltsb\u00fcro Donoth Fuhrmann T\u00fcxen\" src=\"https:\/\/www.projekt-i-quadrat.de\/\/wp-content\/uploads\/2018\/07\/dft_logo.png\" class=\"img-responsive wp-image-16232\" srcset=\"https:\/\/www.projekt-i-quadrat.de\/wp-content\/uploads\/2018\/07\/dft_logo-200x45.png 200w, https:\/\/www.projekt-i-quadrat.de\/wp-content\/uploads\/2018\/07\/dft_logo.png 251w\" sizes=\"(max-width: 800px) 100vw, 251px\" \/><\/a><\/span><\/div><\/div><\/div><div class=\"fusion-clearfix\"><\/div><\/div><\/div><div class=\"fusion-layout-column fusion_builder_column fusion-builder-column-11 fusion_builder_column_1_4 1_4 fusion-one-fourth\" style=\"width:25%;width:calc(25% - ( ( 4% + 4% + 4% ) * 0.25 ) );margin-right: 4%;margin-top:0px;margin-bottom:20px;\"><div class=\"fusion-column-wrapper fusion-flex-column-wrapper-legacy\" style=\"background-position:left top;background-repeat:no-repeat;-webkit-background-size:cover;-moz-background-size:cover;-o-background-size:cover;background-size:cover;padding: 0px 0px 0px 0px;\"><div class=\"fusion-column-content-centered\"><div class=\"fusion-column-content\"><div class=\"imageframe-align-center\"><span class=\" fusion-imageframe imageframe-none imageframe-8 hover-type-none\"><a class=\"fusion-no-lightbox\" href=\"http:\/\/www.stadtfehmarn.de\" target=\"_blank\" aria-label=\"Stadtwappen_Fehmarn2019_neu\" rel=\"noopener noreferrer\"><img decoding=\"async\" width=\"100\" height=\"109\" alt=\"Logo Stadt Fehmarn\" src=\"https:\/\/www.projekt-i-quadrat.de\/wp-content\/uploads\/2019\/08\/Stadtwappen_Fehmarn2019_neu.png\" class=\"img-responsive wp-image-17218\"\/><\/a><\/span><\/div><\/div><\/div><div class=\"fusion-clearfix\"><\/div><\/div><\/div><div class=\"fusion-layout-column fusion_builder_column fusion-builder-column-12 fusion_builder_column_1_4 1_4 fusion-one-fourth fusion-column-last\" style=\"width:25%;width:calc(25% - ( ( 4% + 4% + 4% ) * 0.25 ) );margin-top:0px;margin-bottom:20px;\"><div class=\"fusion-column-wrapper fusion-flex-column-wrapper-legacy\" style=\"background-position:left top;background-repeat:no-repeat;-webkit-background-size:cover;-moz-background-size:cover;-o-background-size:cover;background-size:cover;padding: 0px 0px 0px 0px;\"><div class=\"fusion-column-content-centered\"><div class=\"fusion-column-content\"><div class=\"imageframe-align-center\"><span class=\" fusion-imageframe imageframe-none imageframe-9 hover-type-none\"><a class=\"fusion-no-lightbox\" href=\"https:\/\/www.hameln.de\/de\/wirtschaft-stadt-umwelt\" target=\"_blank\" aria-label=\"StadtHameln_Logo_rgb\" rel=\"noopener noreferrer\"><img decoding=\"async\" width=\"105\" height=\"100\" alt=\"Logo Stadt Hameln\" src=\"https:\/\/www.projekt-i-quadrat.de\/wp-content\/uploads\/2021\/03\/StadtHameln_Logo_rgb.png\" class=\"img-responsive wp-image-17303\"\/><\/a><\/span><\/div><\/div><\/div><div class=\"fusion-clearfix\"><\/div><\/div><\/div><\/div><\/div>\n<\/p>\n","protected":false},"excerpt":{"rendered":"","protected":false},"author":1,"featured_media":0,"parent":16433,"menu_order":0,"comment_status":"closed","ping_status":"closed","template":"","meta":{"footnotes":""},"class_list":["post-16994","page","type-page","status-publish","hentry"],"aioseo_notices":[],"_links":{"self":[{"href":"https:\/\/www.projekt-i-quadrat.de\/index.php\/wp-json\/wp\/v2\/pages\/16994","targetHints":{"allow":["GET"]}}],"collection":[{"href":"https:\/\/www.projekt-i-quadrat.de\/index.php\/wp-json\/wp\/v2\/pages"}],"about":[{"href":"https:\/\/www.projekt-i-quadrat.de\/index.php\/wp-json\/wp\/v2\/types\/page"}],"author":[{"embeddable":true,"href":"https:\/\/www.projekt-i-quadrat.de\/index.php\/wp-json\/wp\/v2\/users\/1"}],"replies":[{"embeddable":true,"href":"https:\/\/www.projekt-i-quadrat.de\/index.php\/wp-json\/wp\/v2\/comments?post=16994"}],"version-history":[{"count":10,"href":"https:\/\/www.projekt-i-quadrat.de\/index.php\/wp-json\/wp\/v2\/pages\/16994\/revisions"}],"predecessor-version":[{"id":17329,"href":"https:\/\/www.projekt-i-quadrat.de\/index.php\/wp-json\/wp\/v2\/pages\/16994\/revisions\/17329"}],"up":[{"embeddable":true,"href":"https:\/\/www.projekt-i-quadrat.de\/index.php\/wp-json\/wp\/v2\/pages\/16433"}],"wp:attachment":[{"href":"https:\/\/www.projekt-i-quadrat.de\/index.php\/wp-json\/wp\/v2\/media?parent=16994"}],"curies":[{"name":"wp","href":"https:\/\/api.w.org\/{rel}","templated":true}]}}