{"id":16724,"date":"2019-01-02T10:59:59","date_gmt":"2019-01-02T09:59:59","guid":{"rendered":"https:\/\/www.projekt-i-quadrat.de\/?page_id=16724"},"modified":"2025-07-10T13:08:42","modified_gmt":"2025-07-10T11:08:42","slug":"karten","status":"publish","type":"page","link":"https:\/\/www.projekt-i-quadrat.de\/index.php\/karten\/","title":{"rendered":"Karten"},"content":{"rendered":"<p><div class=\"fusion-fullwidth fullwidth-box fusion-builder-row-1 karten nonhundred-percent-fullwidth non-hundred-percent-height-scrolling\" style=\"background-color: #ffffff;background-position: center center;background-repeat: no-repeat;padding-top:0px;padding-right:0px;padding-bottom:0px;padding-left:0px;margin-bottom: 0px;margin-top: 0px;border-width: 0px 0px 0px 0px;border-color:#eae9e9;border-style:solid;\" ><div class=\"fusion-builder-row fusion-row\"><div class=\"fusion-layout-column fusion_builder_column fusion-builder-column-0 fusion_builder_column_1_3 1_3 fusion-one-third fusion-column-first karten fusion-column-inner-bg-wrapper\" style=\"width:33.3333333333%;width:calc(33.3333333333% - ( ( 4% ) * 0.333333333333 ) );margin-right: 4%;margin-top:0px;margin-bottom:20px;\"><div class=\"fusion-column-wrapper fusion-flex-column-wrapper-legacy\" style=\"padding: 0px 0px 0px 0px;\"><span class=\" fusion-imageframe imageframe-none imageframe-1 hover-type-none\" style=\"border:2px solid rgba(0,0,0,0.3);\"><a class=\"fusion-no-lightbox\" href=\"https:\/\/umweltportal.schleswig-holstein.de\/kartendienste?lang=de&amp;topic=thessd&amp;bgLayer=sgx_geodatenzentrum_de_de_basemapde_web_raster_grau_DE_EPSG_25832_ADV&amp;E=609329.43&amp;N=5972811.57&amp;zoom=8&amp;layers_visibility=4783a0a1ad3e26c1d594e2082e9b49b6&amp;catalogNodes=123,2,3,4&amp;layers=c5213d01fa288e74edd6916c6e31a323\" target=\"_blank\" aria-label=\"DAN_portal\" rel=\"noopener noreferrer\"><img decoding=\"async\" width=\"300\" height=\"263\" alt=\"Grafik: interaktive Karte des Digital Atlas Nord\" src=\"https:\/\/www.projekt-i-quadrat.de\/wp-content\/uploads\/2020\/12\/DAN_portal-300x263.jpg\" class=\"img-responsive wp-image-17254\" srcset=\"https:\/\/www.projekt-i-quadrat.de\/wp-content\/uploads\/2020\/12\/DAN_portal-200x175.jpg 200w, https:\/\/www.projekt-i-quadrat.de\/wp-content\/uploads\/2020\/12\/DAN_portal-400x350.jpg 400w, https:\/\/www.projekt-i-quadrat.de\/wp-content\/uploads\/2020\/12\/DAN_portal-600x525.jpg 600w, https:\/\/www.projekt-i-quadrat.de\/wp-content\/uploads\/2020\/12\/DAN_portal-800x700.jpg 800w, https:\/\/www.projekt-i-quadrat.de\/wp-content\/uploads\/2020\/12\/DAN_portal.jpg 866w\" sizes=\"(max-width: 800px) 100vw, 400px\" \/><\/a><\/span><div class=\"fusion-clearfix\"><\/div><\/div><span class=\"fusion-column-inner-bg hover-type-none\"><a class=\"fusion-column-anchor\" href=\"https:\/\/umweltportal.schleswig-holstein.de\/kartendienste?lang=de&amp;topic=thessd&amp;bgLayer=sgx_geodatenzentrum_de_de_basemapde_web_raster_grau_DE_EPSG_25832_ADV&amp;E=609329.43&amp;N=5972811.57&amp;zoom=8&amp;layers_visibility=4783a0a1ad3e26c1d594e2082e9b49b6&amp;catalogNodes=123,2,3,4&amp;layers=c5213d01fa288e74edd6916c6e31a323\" rel=\"noopener noreferrer\" target=\"_blank\"><span class=\"fusion-column-inner-bg-image\" style=\"background-position:left top;background-repeat:no-repeat;-webkit-background-size:cover;-moz-background-size:cover;-o-background-size:cover;background-size:cover;\"><\/span><\/a><\/span><\/div><div class=\"fusion-layout-column fusion_builder_column fusion-builder-column-1 fusion_builder_column_2_3 2_3 fusion-two-third fusion-column-last\" style=\"width:66.6666666667%;width:calc(66.6666666667% - ( ( 4% ) * 0.666666666667 ) );margin-top:0px;margin-bottom:20px;\"><div class=\"fusion-column-wrapper fusion-flex-column-wrapper-legacy\" style=\"background-position:left top;background-repeat:no-repeat;-webkit-background-size:cover;-moz-background-size:cover;-o-background-size:cover;background-size:cover;padding: 0px 0px 0px 0px;\"><div class=\"fusion-text fusion-text-1\"><p>Starkregen kann \u00fcberall auftreten. Diese interaktive Karte von L\u00fcbeck zeigt Bereiche, in denen sich im Falle eines Starkregens verst\u00e4rkt Wasser sammeln k\u00f6nnte (Senken und Flie\u00dfwege).<\/p>\n<p>Sie k\u00f6nnen durch Hereinzoomen einzelne Stadtteile genauer betrachten.<\/p>\n<p><strong>Bitte beachten Sie:<\/strong> Die Berechnungen basieren auf einer einfachen H\u00f6henkarte (digitales Gel\u00e4ndemodell), weder die aktuelle Bebauung noch das Kanalnetz wurden einbezogen. Es handelt sich also um eine grobe \u00dcbersicht, aus der keine konkreten fl\u00e4chenscharfen Aussagen abgeleitet werden k\u00f6nnen.<\/p>\n<p>Beim Klick auf die Karte \u00f6ffnet sich das WebGIS in einem neuen Browser-Fenster. Um zu unserer Webseite zur\u00fcck zu kehren, k\u00f6nnen Sie dieses Fenster einfach schlie\u00dfen.<\/p>\n<\/div><div class=\"fusion-clearfix\"><\/div><\/div><\/div><\/div><\/div><div class=\"fusion-fullwidth fullwidth-box fusion-builder-row-2 nonhundred-percent-fullwidth non-hundred-percent-height-scrolling\" style=\"background-color: #ffffff;background-position: center center;background-repeat: no-repeat;padding-top:0px;padding-right:0px;padding-bottom:0px;padding-left:0px;margin-bottom: 0px;margin-top: 0px;border-width: 0px 0px 0px 0px;border-color:#2381c1;border-style:solid;\" ><div class=\"fusion-builder-row fusion-row\"><div class=\"fusion-layout-column fusion_builder_column fusion-builder-column-2 fusion_builder_column_1_1 1_1 fusion-one-full fusion-column-first fusion-column-last fusion-column-no-min-height\" style=\"margin-top:0px;margin-bottom:20px;\"><div class=\"fusion-column-wrapper fusion-flex-column-wrapper-legacy\" style=\"background-position:left top;background-repeat:no-repeat;-webkit-background-size:cover;-moz-background-size:cover;-o-background-size:cover;background-size:cover;padding: 0px 0px 0px 0px;\"><div class=\"fusion-sep-clear\"><\/div><div class=\"fusion-separator fusion-full-width-sep\" style=\"margin-left: auto;margin-right: auto;margin-top:20px;margin-bottom:20px;width:100%;\"><div class=\"fusion-separator-border sep-single sep-solid\" style=\"border-color:#2381c1;border-top-width:3px;\"><\/div><\/div><div class=\"fusion-sep-clear\"><\/div><div class=\"fusion-text fusion-text-2\"><h2 style=\"text-align: center;\">Gef\u00f6rdert durch:<\/h2>\n<\/div><div class=\"imageframe-align-center\"><span class=\" fusion-imageframe imageframe-none imageframe-2 hover-type-none\"><a class=\"fusion-no-lightbox\" href=\"https:\/\/www.bmu.de\/\" target=\"_blank\" aria-label=\"logo_bmu\" rel=\"noopener noreferrer\"><img decoding=\"async\" width=\"165\" height=\"98\" alt=\"Logo BMU Bundesministerieum f\u00fcr Umwelt und Naturschutz\" src=\"https:\/\/www.projekt-i-quadrat.de\/\/wp-content\/uploads\/2018\/07\/logo_bmu.jpg\" class=\"img-responsive wp-image-16265\"\/><\/a><\/span><\/div><div class=\"fusion-text fusion-text-3\"><h3 style=\"text-align: center;\">Projektpartner:<\/h3>\n<\/div><div class=\"fusion-clearfix\"><\/div><\/div><\/div><div class=\"fusion-layout-column fusion_builder_column fusion-builder-column-3 fusion_builder_column_1_3 1_3 fusion-one-third fusion-column-first\" style=\"width:33.3333333333%;width:calc(33.3333333333% - ( ( 4% + 4% ) * 0.333333333333 ) );margin-right: 4%;margin-top:0px;margin-bottom:20px;\"><div class=\"fusion-column-wrapper fusion-flex-column-wrapper-legacy\" style=\"background-position:left top;background-repeat:no-repeat;-webkit-background-size:cover;-moz-background-size:cover;-o-background-size:cover;background-size:cover;padding: 0px 0px 0px 0px;\"><div class=\"fusion-column-content-centered\"><div class=\"fusion-column-content\"><div class=\"imageframe-align-center\"><span class=\" fusion-imageframe imageframe-none imageframe-3 hover-type-none\"><a class=\"fusion-no-lightbox\" href=\"http:\/\/www.hydrometeo.de\/\" target=\"_blank\" aria-label=\"logoHM_neu_web-normal\" rel=\"noopener noreferrer\"><img decoding=\"async\" width=\"200\" height=\"90\" alt=\"Logo hydro &amp; meteo\" src=\"https:\/\/www.projekt-i-quadrat.de\/wp-content\/uploads\/2020\/01\/logoHM_neu_web-normal.png\" class=\"img-responsive wp-image-17229\"\/><\/a><\/span><\/div><\/div><\/div><div class=\"fusion-clearfix\"><\/div><\/div><\/div><div class=\"fusion-layout-column fusion_builder_column fusion-builder-column-4 fusion_builder_column_1_3 1_3 fusion-one-third\" style=\"width:33.3333333333%;width:calc(33.3333333333% - ( ( 4% + 4% ) * 0.333333333333 ) );margin-right: 4%;margin-top:0px;margin-bottom:20px;\"><div class=\"fusion-column-wrapper fusion-flex-column-wrapper-legacy\" style=\"background-position:left top;background-repeat:no-repeat;-webkit-background-size:cover;-moz-background-size:cover;-o-background-size:cover;background-size:cover;padding: 0px 0px 0px 0px;\"><div class=\"fusion-column-content-centered\"><div class=\"fusion-column-content\"><div class=\"imageframe-align-center\"><span class=\" fusion-imageframe imageframe-none imageframe-4 hover-type-none\" style=\"max-width:160px;\"><a class=\"fusion-no-lightbox\" href=\"https:\/\/www.fh-luebeck.de\/hochschule\/fachbereich-bauwesen\/labore\/labor-fuer-staedtebau-und-ortsplanung\/uebersicht\/\" target=\"_blank\" aria-label=\"TH_Logo_A4_RGB\" rel=\"noopener noreferrer\"><img decoding=\"async\" width=\"300\" height=\"106\" alt=\"Logo FHL Fachhochschule L\u00fcbeck\" src=\"https:\/\/www.projekt-i-quadrat.de\/wp-content\/uploads\/2018\/10\/TH_Logo_A4_RGB-300x106.png\" class=\"img-responsive wp-image-16382\"\/><\/a><\/span><\/div><\/div><\/div><div class=\"fusion-clearfix\"><\/div><\/div><\/div><div class=\"fusion-layout-column fusion_builder_column fusion-builder-column-5 fusion_builder_column_1_3 1_3 fusion-one-third fusion-column-last\" style=\"width:33.3333333333%;width:calc(33.3333333333% - ( ( 4% + 4% ) * 0.333333333333 ) );margin-top:0px;margin-bottom:20px;\"><div class=\"fusion-column-wrapper fusion-flex-column-wrapper-legacy\" style=\"background-position:left top;background-repeat:no-repeat;-webkit-background-size:cover;-moz-background-size:cover;-o-background-size:cover;background-size:cover;padding: 0px 0px 0px 0px;\"><div class=\"fusion-column-content-centered\"><div class=\"fusion-column-content\"><div class=\"imageframe-align-center\"><span class=\" fusion-imageframe imageframe-none imageframe-5 hover-type-none\"><a class=\"fusion-no-lightbox\" href=\"http:\/\/www.luebeck.de\/bewohner\/umwelt_gesundheit\/\" target=\"_blank\" rel=\"noopener noreferrer\"><img decoding=\"async\" alt=\"Logo Hansestadt L\u00fcbeck\" src=\"https:\/\/www.projekt-i-quadrat.de\/wp-content\/uploads\/2018\/07\/logos_HL.png\" class=\"img-responsive\"\/><\/a><\/span><\/div><\/div><\/div><div class=\"fusion-clearfix\"><\/div><\/div><\/div><div class=\"fusion-layout-column fusion_builder_column fusion-builder-column-6 fusion_builder_column_1_1 1_1 fusion-one-full fusion-column-first fusion-column-last\" style=\"margin-top:0px;margin-bottom:20px;\"><div class=\"fusion-column-wrapper fusion-flex-column-wrapper-legacy\" style=\"background-position:left top;background-repeat:no-repeat;-webkit-background-size:cover;-moz-background-size:cover;-o-background-size:cover;background-size:cover;padding: 0px 0px 0px 0px;\"><div class=\"fusion-text fusion-text-4\"><h3 style=\"text-align: center;\">Kooperationspartner:<\/h3>\n<\/div><div class=\"fusion-clearfix\"><\/div><\/div><\/div><div class=\"fusion-layout-column fusion_builder_column fusion-builder-column-7 fusion_builder_column_1_4 1_4 fusion-one-fourth fusion-column-first\" style=\"width:25%;width:calc(25% - ( ( 4% + 4% + 4% ) * 0.25 ) );margin-right: 4%;margin-top:0px;margin-bottom:20px;\"><div class=\"fusion-column-wrapper fusion-flex-column-wrapper-legacy\" style=\"background-position:left top;background-repeat:no-repeat;-webkit-background-size:cover;-moz-background-size:cover;-o-background-size:cover;background-size:cover;padding: 0px 0px 0px 0px;\"><div class=\"fusion-column-content-centered\"><div class=\"fusion-column-content\"><div class=\"imageframe-align-center\"><span class=\" fusion-imageframe imageframe-none imageframe-6 hover-type-none\"><a class=\"fusion-no-lightbox\" href=\"https:\/\/www.vermessung-holst.de \" target=\"_blank\" aria-label=\"Logo_Holst_Helten\" rel=\"noopener noreferrer\"><img decoding=\"async\" width=\"300\" height=\"49\" alt=\"Logo Vermessungsb\u00fcro Holst und Helten\" src=\"https:\/\/www.projekt-i-quadrat.de\/\/wp-content\/uploads\/2018\/07\/Logo_Holst_Helten-300x49.png\" class=\"img-responsive wp-image-16238\" srcset=\"https:\/\/www.projekt-i-quadrat.de\/wp-content\/uploads\/2018\/07\/Logo_Holst_Helten-200x33.png 200w, https:\/\/www.projekt-i-quadrat.de\/wp-content\/uploads\/2018\/07\/Logo_Holst_Helten-400x65.png 400w, https:\/\/www.projekt-i-quadrat.de\/wp-content\/uploads\/2018\/07\/Logo_Holst_Helten-600x98.png 600w, https:\/\/www.projekt-i-quadrat.de\/wp-content\/uploads\/2018\/07\/Logo_Holst_Helten.png 613w\" sizes=\"(max-width: 800px) 100vw, 400px\" \/><\/a><\/span><\/div><\/div><\/div><div class=\"fusion-clearfix\"><\/div><\/div><\/div><div class=\"fusion-layout-column fusion_builder_column fusion-builder-column-8 fusion_builder_column_1_4 1_4 fusion-one-fourth\" style=\"width:25%;width:calc(25% - ( ( 4% + 4% + 4% ) * 0.25 ) );margin-right: 4%;margin-top:0px;margin-bottom:20px;\"><div class=\"fusion-column-wrapper fusion-flex-column-wrapper-legacy\" style=\"background-position:left top;background-repeat:no-repeat;-webkit-background-size:cover;-moz-background-size:cover;-o-background-size:cover;background-size:cover;padding: 0px 0px 0px 0px;\"><div class=\"fusion-column-content-centered\"><div class=\"fusion-column-content\"><div class=\"imageframe-align-center\"><span class=\" fusion-imageframe imageframe-none imageframe-7 hover-type-none\"><a class=\"fusion-no-lightbox\" href=\"https:\/\/www.dres-donoth.de\" target=\"_blank\" aria-label=\"dft_logo\" rel=\"noopener noreferrer\"><img decoding=\"async\" width=\"251\" height=\"57\" alt=\"Logo Anwaltsb\u00fcro Donoth Fuhrmann T\u00fcxen\" src=\"https:\/\/www.projekt-i-quadrat.de\/\/wp-content\/uploads\/2018\/07\/dft_logo.png\" class=\"img-responsive wp-image-16232\" srcset=\"https:\/\/www.projekt-i-quadrat.de\/wp-content\/uploads\/2018\/07\/dft_logo-200x45.png 200w, https:\/\/www.projekt-i-quadrat.de\/wp-content\/uploads\/2018\/07\/dft_logo.png 251w\" sizes=\"(max-width: 800px) 100vw, 251px\" \/><\/a><\/span><\/div><\/div><\/div><div class=\"fusion-clearfix\"><\/div><\/div><\/div><div class=\"fusion-layout-column fusion_builder_column fusion-builder-column-9 fusion_builder_column_1_4 1_4 fusion-one-fourth\" style=\"width:25%;width:calc(25% - ( ( 4% + 4% + 4% ) * 0.25 ) );margin-right: 4%;margin-top:0px;margin-bottom:20px;\"><div class=\"fusion-column-wrapper fusion-flex-column-wrapper-legacy\" style=\"background-position:left top;background-repeat:no-repeat;-webkit-background-size:cover;-moz-background-size:cover;-o-background-size:cover;background-size:cover;padding: 0px 0px 0px 0px;\"><div class=\"fusion-column-content-centered\"><div class=\"fusion-column-content\"><div class=\"imageframe-align-center\"><span class=\" fusion-imageframe imageframe-none imageframe-8 hover-type-none\"><a class=\"fusion-no-lightbox\" href=\"http:\/\/www.stadtfehmarn.de\" target=\"_blank\" aria-label=\"Stadtwappen_Fehmarn2019_neu\" rel=\"noopener noreferrer\"><img decoding=\"async\" width=\"100\" height=\"109\" alt=\"Logo Stadt Fehmarn\" src=\"https:\/\/www.projekt-i-quadrat.de\/wp-content\/uploads\/2019\/08\/Stadtwappen_Fehmarn2019_neu.png\" class=\"img-responsive wp-image-17218\"\/><\/a><\/span><\/div><\/div><\/div><div class=\"fusion-clearfix\"><\/div><\/div><\/div><div class=\"fusion-layout-column fusion_builder_column fusion-builder-column-10 fusion_builder_column_1_4 1_4 fusion-one-fourth fusion-column-last\" style=\"width:25%;width:calc(25% - ( ( 4% + 4% + 4% ) * 0.25 ) );margin-top:0px;margin-bottom:20px;\"><div class=\"fusion-column-wrapper fusion-flex-column-wrapper-legacy\" style=\"background-position:left top;background-repeat:no-repeat;-webkit-background-size:cover;-moz-background-size:cover;-o-background-size:cover;background-size:cover;padding: 0px 0px 0px 0px;\"><div class=\"fusion-column-content-centered\"><div class=\"fusion-column-content\"><div class=\"imageframe-align-center\"><span class=\" fusion-imageframe imageframe-none imageframe-9 hover-type-none\"><a class=\"fusion-no-lightbox\" href=\"https:\/\/www.hameln.de\/de\/wirtschaft-stadt-umwelt\" target=\"_blank\" rel=\"noopener noreferrer\"><img decoding=\"async\" alt=\"Logo Stadt Hameln\" src=\"https:\/\/www.projekt-i-quadrat.de\/\/wp-content\/uploads\/2018\/07\/StadtHameln_Logo_rgb.png\" class=\"img-responsive\"\/><\/a><\/span><\/div><\/div><\/div><div class=\"fusion-clearfix\"><\/div><\/div><\/div><\/div><\/div><\/p>\n","protected":false},"excerpt":{"rendered":"","protected":false},"author":1,"featured_media":0,"parent":0,"menu_order":0,"comment_status":"closed","ping_status":"closed","template":"","meta":{"footnotes":""},"class_list":["post-16724","page","type-page","status-publish","hentry"],"aioseo_notices":[],"_links":{"self":[{"href":"https:\/\/www.projekt-i-quadrat.de\/index.php\/wp-json\/wp\/v2\/pages\/16724","targetHints":{"allow":["GET"]}}],"collection":[{"href":"https:\/\/www.projekt-i-quadrat.de\/index.php\/wp-json\/wp\/v2\/pages"}],"about":[{"href":"https:\/\/www.projekt-i-quadrat.de\/index.php\/wp-json\/wp\/v2\/types\/page"}],"author":[{"embeddable":true,"href":"https:\/\/www.projekt-i-quadrat.de\/index.php\/wp-json\/wp\/v2\/users\/1"}],"replies":[{"embeddable":true,"href":"https:\/\/www.projekt-i-quadrat.de\/index.php\/wp-json\/wp\/v2\/comments?post=16724"}],"version-history":[{"count":33,"href":"https:\/\/www.projekt-i-quadrat.de\/index.php\/wp-json\/wp\/v2\/pages\/16724\/revisions"}],"predecessor-version":[{"id":17345,"href":"https:\/\/www.projekt-i-quadrat.de\/index.php\/wp-json\/wp\/v2\/pages\/16724\/revisions\/17345"}],"wp:attachment":[{"href":"https:\/\/www.projekt-i-quadrat.de\/index.php\/wp-json\/wp\/v2\/media?parent=16724"}],"curies":[{"name":"wp","href":"https:\/\/api.w.org\/{rel}","templated":true}]}}